{"id":1003,"date":"2021-11-23T01:28:48","date_gmt":"2021-11-23T01:28:48","guid":{"rendered":"https:\/\/malagafilmcommission.com\/?page_id=1003"},"modified":"2022-01-14T15:10:11","modified_gmt":"2022-01-14T15:10:11","slug":"incentivos","status":"publish","type":"page","link":"https:\/\/malagafilm.com\/fr\/incentivos\/","title":{"rendered":"Test 3d"},"content":{"rendered":"\t\t<div data-elementor-type=\"wp-page\" data-elementor-id=\"1003\" class=\"elementor elementor-1003\" data-elementor-post-type=\"page\">\n\t\t\t\t\t\t<section class=\"elementor-section elementor-top-section elementor-element elementor-element-19b94e2 elementor-section-height-min-height elementor-section-items-top elementor-section-content-top elementor-section-full_width elementor-section-height-default\" data-id=\"19b94e2\" data-element_type=\"section\" data-e-type=\"section\" data-settings=\"{&quot;shape_divider_bottom&quot;:&quot;tilt&quot;,&quot;background_background&quot;:&quot;classic&quot;}\">\n\t\t\t\t\t\t\t<div class=\"elementor-background-overlay\"><\/div>\n\t\t\t\t\t\t<div class=\"elementor-shape elementor-shape-bottom\" aria-hidden=\"true\" data-negative=\"false\">\n\t\t\t<svg xmlns=\"http:\/\/www.w3.org\/2000\/svg\" viewBox=\"0 0 1000 100\" preserveAspectRatio=\"none\">\n\t<path class=\"elementor-shape-fill\" d=\"M0,6V0h1000v100L0,6z\"\/>\n<\/svg>\t\t<\/div>\n\t\t\t\t\t<div class=\"elementor-container elementor-column-gap-default\">\n\t\t\t\t\t<div class=\"elementor-column elementor-col-100 elementor-top-column elementor-element elementor-element-e44a17e\" data-id=\"e44a17e\" data-element_type=\"column\" data-e-type=\"column\">\n\t\t\t<div class=\"elementor-widget-wrap elementor-element-populated\">\n\t\t\t\t\t\t<div class=\"elementor-element elementor-element-17f543e elementor-widget elementor-widget-heading\" data-id=\"17f543e\" data-element_type=\"widget\" data-e-type=\"widget\" data-widget_type=\"heading.default\">\n\t\t\t\t<div class=\"elementor-widget-container\">\n\t\t\t\t\t<h1 class=\"elementor-heading-title elementor-size-large\">Rodar en <\/br>\nM\u00e1laga <\/br>provincia<\/h1>\t\t\t\t<\/div>\n\t\t\t\t<\/div>\n\t\t\t\t<div class=\"elementor-element elementor-element-d61cb66 elementor-widget elementor-widget-html\" data-id=\"d61cb66\" data-element_type=\"widget\" data-e-type=\"widget\" data-widget_type=\"html.default\">\n\t\t\t\t<div class=\"elementor-widget-container\">\n\t\t\t\t\t<iframe data-src='https:\/\/my.spline.design\/iphone13copy-216d5254ac959171b73369ce7f1e2da3\/' frameborder='0' width='100%' height='600px' src='data:image\/svg+xml;base64,PHN2ZyB3aWR0aD0iMSIgaGVpZ2h0PSIxIiB4bWxucz0iaHR0cDovL3d3dy53My5vcmcvMjAwMC9zdmciPjwvc3ZnPg==' class='lazyload' data-load-mode='1'><\/iframe>\t\t\t\t<\/div>\n\t\t\t\t<\/div>\n\t\t\t\t\t<\/div>\n\t\t<\/div>\n\t\t\t\t\t<\/div>\n\t\t<\/section>\n\t\t\t\t<section class=\"elementor-section elementor-top-section elementor-element elementor-element-1251a0d elementor-section-boxed elementor-section-height-default elementor-section-height-default\" data-id=\"1251a0d\" data-element_type=\"section\" data-e-type=\"section\">\n\t\t\t\t\t\t<div class=\"elementor-container elementor-column-gap-default\">\n\t\t\t\t\t<div class=\"elementor-column elementor-col-100 elementor-top-column elementor-element elementor-element-096fbbe\" data-id=\"096fbbe\" data-element_type=\"column\" data-e-type=\"column\">\n\t\t\t<div class=\"elementor-widget-wrap elementor-element-populated\">\n\t\t\t\t\t\t<div class=\"elementor-element elementor-element-c0fbec5 elementor-widget elementor-widget-text-editor\" data-id=\"c0fbec5\" data-element_type=\"widget\" data-e-type=\"widget\" data-widget_type=\"text-editor.default\">\n\t\t\t\t<div class=\"elementor-widget-container\">\n\t\t\t\t\t\t\t\t\t<h4><strong>Malaga Film Commision es un servicio p\u00fablico de la Diputaci\u00f3n de M\u00e1laga que tiene como misi\u00f3n promocionar la provincia como escenario de rodaje de producciones audiovisuales, asistir a las productoras y profesionales que elijan M\u00e1laga para llevar a cabo sus proyectos, apoyar al sector audiovisual madrile\u00f1o y estimular la inversi\u00f3n y el desarrollo local.<\/strong><\/h4><p>Malaga Film Commision trabaja para fomentar la producci\u00f3n audiovisual en M\u00e1laga mediante una promoci\u00f3n activa de las posibilidades de sus espacios, la solidez de su industria y la experiencia de sus profesionales. Apoyando y estimulando el sector audiovisual, el resto de industrias creativas de la ciudad y la amplia variedad de servicios que derivan de ellas, Malaga Film Commision busca impulsar el desarrollo econ\u00f3mico y la imagen internacional de Madrid, fomentando el atractivo de la ciudad para sus habitantes, trabajadores y visitantes.<\/p><p>\u00a0<\/p><h5><span style=\"color: #00ffff;\">Malaga Film Commision ofrece los siguientes servicios:<\/span><\/h5><ul><li>Ayuda en la b\u00fasqueda de localizaciones para rodajes.<\/li><li>Orientaci\u00f3n y apoyo en la gesti\u00f3n de permisos de rodaje.<\/li><li>Mediaci\u00f3n con los diferentes entes municipales y otras administraciones p\u00fablicas.<\/li><li>Informaci\u00f3n sobre empresas y profesionales del sector audiovisual.<\/li><li>Asesoramiento sobre la log\u00edstica de producci\u00f3n y postproducci\u00f3n.<\/li><\/ul><div>\u00a0<\/div>\t\t\t\t\t\t\t\t<\/div>\n\t\t\t\t<\/div>\n\t\t\t\t\t<\/div>\n\t\t<\/div>\n\t\t\t\t\t<\/div>\n\t\t<\/section>\n\t\t\t\t<section class=\"elementor-section elementor-top-section elementor-element elementor-element-a850c93 elementor-section-boxed elementor-section-height-default elementor-section-height-default\" data-id=\"a850c93\" data-element_type=\"section\" data-e-type=\"section\">\n\t\t\t\t\t\t<div class=\"elementor-container elementor-column-gap-default\">\n\t\t\t\t\t<div class=\"elementor-column elementor-col-33 elementor-top-column elementor-element elementor-element-15dad70\" data-id=\"15dad70\" data-element_type=\"column\" data-e-type=\"column\">\n\t\t\t<div class=\"elementor-widget-wrap elementor-element-populated\">\n\t\t\t\t\t\t<div class=\"elementor-element elementor-element-4d39748 elementor-widget elementor-widget-html\" data-id=\"4d39748\" data-element_type=\"widget\" data-e-type=\"widget\" data-widget_type=\"html.default\">\n\t\t\t\t<div class=\"elementor-widget-container\">\n\t\t\t\t\t[imdb show=\"transparent\"]tt11253564[\/imdb]\t\t\t\t<\/div>\n\t\t\t\t<\/div>\n\t\t\t\t<div class=\"elementor-element elementor-element-19537d8 elementor-widget elementor-widget-html\" data-id=\"19537d8\" data-element_type=\"widget\" data-e-type=\"widget\" data-widget_type=\"html.default\">\n\t\t\t\t<div class=\"elementor-widget-container\">\n\t\t\t\t\t[imdb show=\"transparent\"]tt10310074[\/imdb]\t\t\t\t<\/div>\n\t\t\t\t<\/div>\n\t\t\t\t\t<\/div>\n\t\t<\/div>\n\t\t\t\t<div class=\"elementor-column elementor-col-33 elementor-top-column elementor-element elementor-element-a28aa9d\" data-id=\"a28aa9d\" data-element_type=\"column\" data-e-type=\"column\">\n\t\t\t<div class=\"elementor-widget-wrap elementor-element-populated\">\n\t\t\t\t\t\t<div class=\"elementor-element elementor-element-024a0e3 elementor-widget elementor-widget-html\" data-id=\"024a0e3\" data-element_type=\"widget\" data-e-type=\"widget\" data-widget_type=\"html.default\">\n\t\t\t\t<div class=\"elementor-widget-container\">\n\t\t\t\t\t[imdb show=\"transparent\"]tt12969892[\/imdb]\t\t\t\t<\/div>\n\t\t\t\t<\/div>\n\t\t\t\t<div class=\"elementor-element elementor-element-066073a elementor-widget elementor-widget-html\" data-id=\"066073a\" data-element_type=\"widget\" data-e-type=\"widget\" data-widget_type=\"html.default\">\n\t\t\t\t<div class=\"elementor-widget-container\">\n\t\t\t\t\t[imdb show=\"transparent\"]tt0109830[\/imdb]\t\t\t\t<\/div>\n\t\t\t\t<\/div>\n\t\t\t\t\t<\/div>\n\t\t<\/div>\n\t\t\t\t<div class=\"elementor-column elementor-col-33 elementor-top-column elementor-element elementor-element-84ea93e\" data-id=\"84ea93e\" data-element_type=\"column\" data-e-type=\"column\">\n\t\t\t<div class=\"elementor-widget-wrap elementor-element-populated\">\n\t\t\t\t\t\t<div class=\"elementor-element elementor-element-ba5b749 elementor-widget elementor-widget-html\" data-id=\"ba5b749\" data-element_type=\"widget\" data-e-type=\"widget\" data-widget_type=\"html.default\">\n\t\t\t\t<div class=\"elementor-widget-container\">\n\t\t\t\t\t[imdb show=\"transparent\"]tt12500804[\/imdb]\t\t\t\t<\/div>\n\t\t\t\t<\/div>\n\t\t\t\t<div class=\"elementor-element elementor-element-232fb56 elementor-widget elementor-widget-html\" data-id=\"232fb56\" data-element_type=\"widget\" data-e-type=\"widget\" data-widget_type=\"html.default\">\n\t\t\t\t<div class=\"elementor-widget-container\">\n\t\t\t\t\t[imdb show=\"transparent\"]tt0109830[\/imdb]\t\t\t\t<\/div>\n\t\t\t\t<\/div>\n\t\t\t\t\t<\/div>\n\t\t<\/div>\n\t\t\t\t\t<\/div>\n\t\t<\/section>\n\t\t\t\t<section class=\"elementor-section elementor-top-section elementor-element elementor-element-405c549 elementor-section-boxed elementor-section-height-default elementor-section-height-default\" data-id=\"405c549\" data-element_type=\"section\" data-e-type=\"section\">\n\t\t\t\t\t\t<div class=\"elementor-container elementor-column-gap-default\">\n\t\t\t\t\t<div class=\"elementor-column elementor-col-100 elementor-top-column elementor-element elementor-element-ea35ea0\" data-id=\"ea35ea0\" data-element_type=\"column\" data-e-type=\"column\">\n\t\t\t<div class=\"elementor-widget-wrap elementor-element-populated\">\n\t\t\t\t\t\t<div class=\"elementor-element elementor-element-022ddf6 elementor-widget__width-auto elementor-widget elementor-widget-jet-smart-filters-sorting\" data-id=\"022ddf6\" data-element_type=\"widget\" data-e-type=\"widget\" data-widget_type=\"jet-smart-filters-sorting.default\">\n\t\t\t\t<div class=\"elementor-widget-container\">\n\t\t\t\t\t<div class=\"jet-smart-filters-sorting jet-filter\"><div class=\"jet-sorting jet-sorting--flex-column\"  data-smart-filter=\"sorting\" data-query-type=\"sort\" data-query-var=\"standard\" data-content-provider=\"jet-engine\" data-query-id=\"ww\" data-apply-type=\"ajax\" data-apply-on=\"value\" data-additional-providers=\"\">\n\t\t<select\n\t\tclass=\"jet-sorting-select\"\n\t\tname=\"select-name\"\n\t\t\t\taria-label=\"Sort filter\"\n\t>\n\t\t\t\t\t<option value=\"\">Ordenar por...<\/option>\n\t\t\t\t\t\t\t\t\t\t<option\n\t\t\t\tvalue=\"{&quot;orderby&quot;:&quot;meta_value_num&quot;,&quot;order&quot;:&quot;DESC&quot;,&quot;meta_key&quot;:&quot;orden&quot;}\"\n\t\t\t\t\t\t\t>Relevantes<\/option>\n\t\t\t<\/select>\n<\/div><\/div>\t\t\t\t<\/div>\n\t\t\t\t<\/div>\n\t\t\t\t<div class=\"elementor-element elementor-element-b5304d5 elementor-widget elementor-widget-jet-listing-grid\" data-id=\"b5304d5\" data-element_type=\"widget\" data-e-type=\"widget\" id=\"ww\" data-settings=\"{&quot;columns&quot;:&quot;3&quot;,&quot;columns_tablet&quot;:&quot;2&quot;,&quot;columns_mobile&quot;:&quot;1&quot;}\" data-widget_type=\"jet-listing-grid.default\">\n\t\t\t\t<div class=\"elementor-widget-container\">\n\t\t\t\t\t<div class=\"jet-listing-grid jet-listing-grid--lazy-load jet-listing jet-listing-grid-loading\" data-lazy-load=\"{&quot;offset&quot;:&quot;10px&quot;,&quot;post_id&quot;:1003,&quot;queried_id&quot;:&quot;1003|WP_Post&quot;}\"><div class=\"jet-listing-grid__loader\"><div class=\"jet-listing-grid__loader-spinner\"><\/div><\/div><\/div>\t\t\t\t<\/div>\n\t\t\t\t<\/div>\n\t\t\t\t\t<\/div>\n\t\t<\/div>\n\t\t\t\t\t<\/div>\n\t\t<\/section>\n\t\t\t\t<\/div>\n\t\t","protected":false},"excerpt":{"rendered":"<p>Rodar en M\u00e1laga provincia Malaga Film Commision es un servicio p\u00fablico de la Diputaci\u00f3n de M\u00e1laga que tiene como misi\u00f3n promocionar la provincia como escenario de rodaje de producciones audiovisuales, asistir a las productoras y profesionales que elijan M\u00e1laga para llevar a cabo sus proyectos, apoyar al sector audiovisual madrile\u00f1o y estimular la inversi\u00f3n y [&hellip;]<\/p>\n","protected":false},"author":1,"featured_media":0,"parent":0,"menu_order":0,"comment_status":"closed","ping_status":"closed","template":"","meta":{"footnotes":""},"class_list":["post-1003","page","type-page","status-publish","hentry"],"yoast_head":"<!-- This site is optimized with the Yoast SEO plugin v27.3 - https:\/\/yoast.com\/product\/yoast-seo-wordpress\/ -->\n<title>test 3d - Malaga Film Commission<\/title>\n<meta name=\"robots\" content=\"index, follow, max-snippet:-1, max-image-preview:large, max-video-preview:-1\" \/>\n<link rel=\"canonical\" href=\"https:\/\/malagafilm.com\/fr\/incentivos\/\" \/>\n<meta property=\"og:locale\" content=\"fr_FR\" \/>\n<meta property=\"og:type\" content=\"article\" \/>\n<meta property=\"og:title\" content=\"test 3d - Malaga Film Commission\" \/>\n<meta property=\"og:description\" content=\"Rodar en M\u00e1laga provincia Malaga Film Commision es un servicio p\u00fablico de la Diputaci\u00f3n de M\u00e1laga que tiene como misi\u00f3n promocionar la provincia como escenario de rodaje de producciones audiovisuales, asistir a las productoras y profesionales que elijan M\u00e1laga para llevar a cabo sus proyectos, apoyar al sector audiovisual madrile\u00f1o y estimular la inversi\u00f3n y [&hellip;]\" \/>\n<meta property=\"og:url\" content=\"https:\/\/malagafilm.com\/fr\/incentivos\/\" \/>\n<meta property=\"og:site_name\" content=\"Malaga Film Commission\" \/>\n<meta property=\"article:modified_time\" content=\"2022-01-14T15:10:11+00:00\" \/>\n<meta name=\"twitter:card\" content=\"summary_large_image\" \/>\n<script type=\"application\/ld+json\" class=\"yoast-schema-graph\">{\"@context\":\"https:\\\/\\\/schema.org\",\"@graph\":[{\"@type\":\"WebPage\",\"@id\":\"https:\\\/\\\/malagafilm.com\\\/incentivos\\\/\",\"url\":\"https:\\\/\\\/malagafilm.com\\\/incentivos\\\/\",\"name\":\"test 3d - Malaga Film Commission\",\"isPartOf\":{\"@id\":\"https:\\\/\\\/malagafilm.com\\\/#website\"},\"datePublished\":\"2021-11-23T01:28:48+00:00\",\"dateModified\":\"2022-01-14T15:10:11+00:00\",\"breadcrumb\":{\"@id\":\"https:\\\/\\\/malagafilm.com\\\/incentivos\\\/#breadcrumb\"},\"inLanguage\":\"fr-FR\",\"potentialAction\":[{\"@type\":\"ReadAction\",\"target\":[\"https:\\\/\\\/malagafilm.com\\\/incentivos\\\/\"]}]},{\"@type\":\"BreadcrumbList\",\"@id\":\"https:\\\/\\\/malagafilm.com\\\/incentivos\\\/#breadcrumb\",\"itemListElement\":[{\"@type\":\"ListItem\",\"position\":1,\"name\":\"Portada\",\"item\":\"https:\\\/\\\/malagafilm.com\\\/\"},{\"@type\":\"ListItem\",\"position\":2,\"name\":\"test 3d\"}]},{\"@type\":\"WebSite\",\"@id\":\"https:\\\/\\\/malagafilm.com\\\/#website\",\"url\":\"https:\\\/\\\/malagafilm.com\\\/\",\"name\":\"Malaga Film Commission\",\"description\":\"Aqu\u00ed, en la provincia de M\u00e1laga. Por su infinidad de sitios, luz y clima\",\"publisher\":{\"@id\":\"https:\\\/\\\/malagafilm.com\\\/#organization\"},\"potentialAction\":[{\"@type\":\"SearchAction\",\"target\":{\"@type\":\"EntryPoint\",\"urlTemplate\":\"https:\\\/\\\/malagafilm.com\\\/?s={search_term_string}\"},\"query-input\":{\"@type\":\"PropertyValueSpecification\",\"valueRequired\":true,\"valueName\":\"search_term_string\"}}],\"inLanguage\":\"fr-FR\"},{\"@type\":\"Organization\",\"@id\":\"https:\\\/\\\/malagafilm.com\\\/#organization\",\"name\":\"Malaga Film Commission\",\"url\":\"https:\\\/\\\/malagafilm.com\\\/\",\"logo\":{\"@type\":\"ImageObject\",\"inLanguage\":\"fr-FR\",\"@id\":\"https:\\\/\\\/malagafilm.com\\\/#\\\/schema\\\/logo\\\/image\\\/\",\"url\":\"https:\\\/\\\/malagafilm.com\\\/wp-content\\\/uploads\\\/2021\\\/10\\\/logo_MFC_blanco_400px.png\",\"contentUrl\":\"https:\\\/\\\/malagafilm.com\\\/wp-content\\\/uploads\\\/2021\\\/10\\\/logo_MFC_blanco_400px.png\",\"width\":400,\"height\":95,\"caption\":\"Malaga Film Commission\"},\"image\":{\"@id\":\"https:\\\/\\\/malagafilm.com\\\/#\\\/schema\\\/logo\\\/image\\\/\"}}]}<\/script>\n<!-- \/ Yoast SEO plugin. -->","yoast_head_json":{"title":"test 3d - Commission du Film de Malaga","robots":{"index":"index","follow":"follow","max-snippet":"max-snippet:-1","max-image-preview":"max-image-preview:large","max-video-preview":"max-video-preview:-1"},"canonical":"https:\/\/malagafilm.com\/fr\/incentivos\/","og_locale":"fr_FR","og_type":"article","og_title":"test 3d - Malaga Film Commission","og_description":"Rodar en M\u00e1laga provincia Malaga Film Commision es un servicio p\u00fablico de la Diputaci\u00f3n de M\u00e1laga que tiene como misi\u00f3n promocionar la provincia como escenario de rodaje de producciones audiovisuales, asistir a las productoras y profesionales que elijan M\u00e1laga para llevar a cabo sus proyectos, apoyar al sector audiovisual madrile\u00f1o y estimular la inversi\u00f3n y [&hellip;]","og_url":"https:\/\/malagafilm.com\/fr\/incentivos\/","og_site_name":"Malaga Film Commission","article_modified_time":"2022-01-14T15:10:11+00:00","twitter_card":"summary_large_image","schema":{"@context":"https:\/\/schema.org","@graph":[{"@type":"WebPage","@id":"https:\/\/malagafilm.com\/incentivos\/","url":"https:\/\/malagafilm.com\/incentivos\/","name":"test 3d - Commission du Film de Malaga","isPartOf":{"@id":"https:\/\/malagafilm.com\/#website"},"datePublished":"2021-11-23T01:28:48+00:00","dateModified":"2022-01-14T15:10:11+00:00","breadcrumb":{"@id":"https:\/\/malagafilm.com\/incentivos\/#breadcrumb"},"inLanguage":"fr-FR","potentialAction":[{"@type":"ReadAction","target":["https:\/\/malagafilm.com\/incentivos\/"]}]},{"@type":"BreadcrumbList","@id":"https:\/\/malagafilm.com\/incentivos\/#breadcrumb","itemListElement":[{"@type":"ListItem","position":1,"name":"Portada","item":"https:\/\/malagafilm.com\/"},{"@type":"ListItem","position":2,"name":"test 3d"}]},{"@type":"WebSite","@id":"https:\/\/malagafilm.com\/#website","url":"https:\/\/malagafilm.com\/","name":"Commission du Film de Malaga","description":"Ici, dans la province de Malaga. Pour son infinit\u00e9 de lieux, de lumi\u00e8re et de climat.","publisher":{"@id":"https:\/\/malagafilm.com\/#organization"},"potentialAction":[{"@type":"SearchAction","target":{"@type":"EntryPoint","urlTemplate":"https:\/\/malagafilm.com\/?s={search_term_string}"},"query-input":{"@type":"PropertyValueSpecification","valueRequired":true,"valueName":"search_term_string"}}],"inLanguage":"fr-FR"},{"@type":"Organization","@id":"https:\/\/malagafilm.com\/#organization","name":"Commission du Film de Malaga","url":"https:\/\/malagafilm.com\/","logo":{"@type":"ImageObject","inLanguage":"fr-FR","@id":"https:\/\/malagafilm.com\/#\/schema\/logo\/image\/","url":"https:\/\/malagafilm.com\/wp-content\/uploads\/2021\/10\/logo_MFC_blanco_400px.png","contentUrl":"https:\/\/malagafilm.com\/wp-content\/uploads\/2021\/10\/logo_MFC_blanco_400px.png","width":400,"height":95,"caption":"Malaga Film Commission"},"image":{"@id":"https:\/\/malagafilm.com\/#\/schema\/logo\/image\/"}}]}},"_links":{"self":[{"href":"https:\/\/malagafilm.com\/fr\/wp-json\/wp\/v2\/pages\/1003","targetHints":{"allow":["GET"]}}],"collection":[{"href":"https:\/\/malagafilm.com\/fr\/wp-json\/wp\/v2\/pages"}],"about":[{"href":"https:\/\/malagafilm.com\/fr\/wp-json\/wp\/v2\/types\/page"}],"author":[{"embeddable":true,"href":"https:\/\/malagafilm.com\/fr\/wp-json\/wp\/v2\/users\/1"}],"replies":[{"embeddable":true,"href":"https:\/\/malagafilm.com\/fr\/wp-json\/wp\/v2\/comments?post=1003"}],"version-history":[{"count":45,"href":"https:\/\/malagafilm.com\/fr\/wp-json\/wp\/v2\/pages\/1003\/revisions"}],"predecessor-version":[{"id":3787,"href":"https:\/\/malagafilm.com\/fr\/wp-json\/wp\/v2\/pages\/1003\/revisions\/3787"}],"wp:attachment":[{"href":"https:\/\/malagafilm.com\/fr\/wp-json\/wp\/v2\/media?parent=1003"}],"curies":[{"name":"wp","href":"https:\/\/api.w.org\/{rel}","templated":true}]}}