{"id":2627,"date":"2022-01-04T00:21:41","date_gmt":"2022-01-04T00:21:41","guid":{"rendered":"https:\/\/malagafilmcommission.com\/?page_id=2627"},"modified":"2022-09-27T16:42:14","modified_gmt":"2022-09-27T16:42:14","slug":"formulario-sugerencia-de-localizacion","status":"publish","type":"page","link":"https:\/\/malagafilm.com\/fr\/formulario-sugerencia-de-localizacion\/","title":{"rendered":"Formulaire de suggestion d'emplacement"},"content":{"rendered":"\t\t<div data-elementor-type=\"wp-page\" data-elementor-id=\"2627\" class=\"elementor elementor-2627\" data-elementor-post-type=\"page\">\n\t\t\t\t\t\t<section class=\"elementor-section elementor-top-section elementor-element elementor-element-4ae49905 elementor-section-boxed elementor-section-height-default elementor-section-height-default\" data-id=\"4ae49905\" data-element_type=\"section\" data-e-type=\"section\">\n\t\t\t\t\t\t<div class=\"elementor-container elementor-column-gap-default\">\n\t\t\t\t\t<div class=\"elementor-column elementor-col-50 elementor-top-column elementor-element elementor-element-4a09b483 elementor-invisible\" data-id=\"4a09b483\" data-element_type=\"column\" data-e-type=\"column\" data-settings=\"{&quot;animation&quot;:&quot;fadeInDown&quot;}\">\n\t\t\t<div class=\"elementor-widget-wrap elementor-element-populated\">\n\t\t\t\t\t\t<div class=\"elementor-element elementor-element-e5286c2 elementor-widget elementor-widget-heading\" data-id=\"e5286c2\" data-element_type=\"widget\" data-e-type=\"widget\" data-widget_type=\"heading.default\">\n\t\t\t\t<div class=\"elementor-widget-container\">\n\t\t\t\t\t<h1 class=\"elementor-heading-title elementor-size-default\">Sugiere <br>una localizaci\u00f3n <\/h1>\t\t\t\t<\/div>\n\t\t\t\t<\/div>\n\t\t\t\t<div class=\"elementor-element elementor-element-b39e193 elementor-widget elementor-widget-text-editor\" data-id=\"b39e193\" data-element_type=\"widget\" data-e-type=\"widget\" data-widget_type=\"text-editor.default\">\n\t\t\t\t<div class=\"elementor-widget-container\">\n\t\t\t\t\t\t\t\t\tCualquier tipo de espacio en la ciudad puede ser interesante para un rodaje\nSi eres el due\u00f1o o gestor de una propiedad interesado en utilizar el espacio como escenario de producciones audiovisuales, puedes\u00a0<strong>incluirlo de forma gratuita en el\u00a0<a href=\"https:\/\/cityofmadridfilmoffice.com\/localizaciones\/\" target=\"_blank\" rel=\"noopener noreferrer\">cat\u00e1logo de localizaciones<\/a><\/strong>.\nRellena el siguiente formulario y env\u00edanos unas fotograf\u00edas descriptivas del espacio para su publicaci\u00f3n.\u00a0<i class=\"fas fa-arrow-right\"><\/i>\t\t\t\t\t\t\t\t<\/div>\n\t\t\t\t<\/div>\n\t\t\t\t<div class=\"elementor-element elementor-element-2f59e1d4 elementor-widget elementor-widget-text-editor\" data-id=\"2f59e1d4\" data-element_type=\"widget\" data-e-type=\"widget\" data-widget_type=\"text-editor.default\">\n\t\t\t\t<div class=\"elementor-widget-container\">\n\t\t\t\t\t\t\t\t\t<div class=\"kleo_text_column wpb_text_column wpb_content_element \" data-uid=\"61d37fbc66e54\"><div class=\"wpb_wrapper\"><p>Para incluir tu localizaci\u00f3n en el listado de M\u00e1laga Film Commission, debes saber que:<\/p><\/div><\/div><div class=\"kleo_text_column wpb_text_column wpb_content_element \" data-uid=\"61d37fbc671b6\"><div class=\"wpb_wrapper\"><ul><li><i class=\"icon-streamline-check-circle icon-2x\"><\/i>La localizaci\u00f3n debe encontrarse dentro de la provincia.<\/li><li><i class=\"icon-streamline-check-circle icon-2x\"><\/i>La localizaci\u00f3n debe ser de titularidad privada.<\/li><li><i class=\"icon-streamline-check-circle icon-2x\"><\/i>Te solicitaremos datos de contacto, pero no ser\u00e1n p\u00fablicos.<\/li><li><i class=\"icon-streamline-check-circle icon-2x\"><\/i>El contacto p\u00fablico ser\u00e1 siempre el de M\u00e1laga Film Commission.<\/li><li><i class=\"icon-streamline-check-circle icon-2x\"><\/i>Aceptar el Aviso legal y la Pol\u00edtica de privacidad<\/li><\/ul><\/div><\/div>\t\t\t\t\t\t\t\t<\/div>\n\t\t\t\t<\/div>\n\t\t\t\t\t<\/div>\n\t\t<\/div>\n\t\t\t\t<div class=\"elementor-column elementor-col-50 elementor-top-column elementor-element elementor-element-1773e5cf elementor-invisible\" data-id=\"1773e5cf\" data-element_type=\"column\" data-e-type=\"column\" data-settings=\"{&quot;animation&quot;:&quot;fadeInUp&quot;}\">\n\t\t\t<div class=\"elementor-widget-wrap elementor-element-populated\">\n\t\t\t\t\t\t<div class=\"elementor-element elementor-element-735a6835 elementor-button-align-stretch elementor-widget elementor-widget-form\" data-id=\"735a6835\" data-element_type=\"widget\" data-e-type=\"widget\" data-settings=\"{&quot;step_next_label&quot;:&quot;Siguiente&quot;,&quot;step_previous_label&quot;:&quot;Anterior&quot;,&quot;button_width&quot;:&quot;100&quot;,&quot;step_type&quot;:&quot;number_text&quot;,&quot;step_icon_shape&quot;:&quot;circle&quot;}\" data-widget_type=\"form.default\">\n\t\t\t\t<div class=\"elementor-widget-container\">\n\t\t\t\t\t\t\t<form class=\"elementor-form\" method=\"post\" id=\"form_suger_localizacion\" name=\"contact Form\" aria-label=\"contact Form\">\n\t\t\t<input type=\"hidden\" name=\"post_id\" value=\"2627\"\/>\n\t\t\t<input type=\"hidden\" name=\"form_id\" value=\"735a6835\"\/>\n\t\t\t<input type=\"hidden\" name=\"referer_title\" value=\"Formulario Sugerencia de Localizaci\u00f3n - Malaga Film Commission\" \/>\n\n\t\t\t\t\t\t\t<input type=\"hidden\" name=\"queried_id\" value=\"2627\"\/>\n\t\t\t\n\t\t\t<div class=\"elementor-form-fields-wrapper elementor-labels-above\">\n\t\t\t\t\t\t\t\t<div class=\"elementor-field-type-text elementor-field-group elementor-column elementor-field-group-name elementor-col-100\">\n\t\t\t\t\t\t\t\t\t\t\t\t<label for=\"form-field-name\" class=\"elementor-field-label\">\n\t\t\t\t\t\t\t\tNombre y apellidos\t\t\t\t\t\t\t<\/label>\n\t\t\t\t\t\t\t\t\t\t\t\t\t\t<input size=\"1\" type=\"text\" name=\"form_fields[name]\" id=\"form-field-name\" class=\"elementor-field elementor-size-md  elementor-field-textual\">\n\t\t\t\t\t\t\t\t\t\t\t<\/div>\n\t\t\t\t\t\t\t\t<div class=\"elementor-field-type-email elementor-field-group elementor-column elementor-field-group-email elementor-col-100 elementor-field-required elementor-mark-required\">\n\t\t\t\t\t\t\t\t\t\t\t\t<label for=\"form-field-email\" class=\"elementor-field-label\">\n\t\t\t\t\t\t\t\tEmail\t\t\t\t\t\t\t<\/label>\n\t\t\t\t\t\t\t\t\t\t\t\t\t\t<input size=\"1\" type=\"email\" name=\"form_fields[email]\" id=\"form-field-email\" class=\"elementor-field elementor-size-md  elementor-field-textual\" required=\"required\">\n\t\t\t\t\t\t\t\t\t\t\t<\/div>\n\t\t\t\t\t\t\t\t<div class=\"elementor-field-type-textarea elementor-field-group elementor-column elementor-field-group-direccion_propiedad elementor-col-100\">\n\t\t\t\t\t\t\t\t\t\t\t\t<label for=\"form-field-direccion_propiedad\" class=\"elementor-field-label\">\n\t\t\t\t\t\t\t\tDirecci\u00f3n de la propiedad\t\t\t\t\t\t\t<\/label>\n\t\t\t\t\t\t<textarea class=\"elementor-field-textual elementor-field  elementor-size-md\" name=\"form_fields[direccion_propiedad]\" id=\"form-field-direccion_propiedad\" rows=\"3\"><\/textarea>\t\t\t\t<\/div>\n\t\t\t\t\t\t\t\t<div class=\"elementor-field-type-textarea elementor-field-group elementor-column elementor-field-group-descripcion_propiedad elementor-col-100\">\n\t\t\t\t\t\t\t\t\t\t\t\t<label for=\"form-field-descripcion_propiedad\" class=\"elementor-field-label\">\n\t\t\t\t\t\t\t\tDescripci\u00f3n de la propiedad\t\t\t\t\t\t\t<\/label>\n\t\t\t\t\t\t<textarea class=\"elementor-field-textual elementor-field  elementor-size-md\" name=\"form_fields[descripcion_propiedad]\" id=\"form-field-descripcion_propiedad\" rows=\"8\"><\/textarea>\t\t\t\t<\/div>\n\t\t\t\t\t\t\t\t<div class=\"elementor-field-type-textarea elementor-field-group elementor-column elementor-field-group-condiciones_propiedad elementor-col-100\">\n\t\t\t\t\t\t\t\t\t\t\t\t<label for=\"form-field-condiciones_propiedad\" class=\"elementor-field-label\">\n\t\t\t\t\t\t\t\tCondiciones y disponibilidad\t\t\t\t\t\t\t<\/label>\n\t\t\t\t\t\t<textarea class=\"elementor-field-textual elementor-field  elementor-size-md\" name=\"form_fields[condiciones_propiedad]\" id=\"form-field-condiciones_propiedad\" rows=\"3\"><\/textarea>\t\t\t\t<\/div>\n\t\t\t\t\t\t\t\t<div class=\"elementor-field-type-upload elementor-field-group elementor-column elementor-field-group-subida_fotos_localizacion elementor-col-100\">\n\t\t\t\t\t\t\t\t\t\t\t\t<label for=\"form-field-subida_fotos_localizacion\" class=\"elementor-field-label\">\n\t\t\t\t\t\t\t\tSube unas fotos (Hasta 4 archivos de un  tama\u00f1o m\u00e1ximo de 2mb)\t\t\t\t\t\t\t<\/label>\n\t\t\t\t\t\t\t\t<input type=\"file\" name=\"form_fields[subida_fotos_localizacion][]\" id=\"form-field-subida_fotos_localizacion\" class=\"elementor-field elementor-size-md  elementor-upload-field\" multiple=\"multiple\" data-maxsize=\"2\" data-maxsize-message=\"Ce fichier d\u00e9passe la taille maximale autoris\u00e9e.\">\n\n\t\t\t\t\t\t<\/div>\n\t\t\t\t\t\t\t\t<div class=\"elementor-field-type-acceptance elementor-field-group elementor-column elementor-field-group-aceptacion_16b37d3 elementor-col-100 elementor-field-required elementor-mark-required\">\n\t\t\t\t\t\t\t<div class=\"elementor-field-subgroup\">\n\t\t\t<span class=\"elementor-field-option\">\n\t\t\t\t<input type=\"checkbox\" name=\"form_fields[aceptacion_16b37d3]\" id=\"form-field-aceptacion_16b37d3\" class=\"elementor-field elementor-size-md  elementor-acceptance-field\" required=\"required\">\n\t\t\t\t<label for=\"form-field-aceptacion_16b37d3\">He le\u00eddo y acepto la <a href=\"\/politica-de-privacidad\/\" target=\"_blank\">Pol\u00edtica de Privacidad<\/a><\/label>\t\t\t<\/span>\n\t\t<\/div>\n\t\t\t\t\t\t<\/div>\n\t\t\t\t\t\t\t\t<div class=\"elementor-field-type-recaptcha_v3 elementor-field-group elementor-column elementor-field-group-field_69ffa31 elementor-col-100 recaptcha_v3-bottomright\">\n\t\t\t\t\t<div class=\"elementor-field\" id=\"form-field-field_69ffa31\"><div class=\"elementor-g-recaptcha\" data-sitekey=\"6Ld1JRkeAAAAAFgOgQuYLAqH3N8TSzjXdUtOrX5s\" data-type=\"v3\" data-action=\"Form\" data-badge=\"bottomright\" data-size=\"invisible\"><\/div><\/div>\t\t\t\t<\/div>\n\t\t\t\t\t\t\t\t<div class=\"elementor-field-group elementor-column elementor-field-type-submit elementor-col-100 e-form__buttons\">\n\t\t\t\t\t<button class=\"elementor-button elementor-size-lg\" type=\"submit\">\n\t\t\t\t\t\t<span class=\"elementor-button-content-wrapper\">\n\t\t\t\t\t\t\t\t\t\t\t\t\t\t\t\t\t\t\t\t\t\t<span class=\"elementor-button-text\">Enviar<\/span>\n\t\t\t\t\t\t\t\t\t\t\t\t\t<\/span>\n\t\t\t\t\t<\/button>\n\t\t\t\t<\/div>\n\t\t\t<\/div>\n\t\t<\/form>\n\t\t\t\t\t\t<\/div>\n\t\t\t\t<\/div>\n\t\t\t\t\t<\/div>\n\t\t<\/div>\n\t\t\t\t\t<\/div>\n\t\t<\/section>\n\t\t\t\t<section class=\"elementor-section elementor-top-section elementor-element elementor-element-7b2ddfe1 elementor-section-boxed elementor-section-height-default elementor-section-height-default\" data-id=\"7b2ddfe1\" data-element_type=\"section\" data-e-type=\"section\" data-settings=\"{&quot;background_background&quot;:&quot;classic&quot;}\">\n\t\t\t\t\t\t<div class=\"elementor-container elementor-column-gap-default\">\n\t\t\t\t\t<div class=\"elementor-column elementor-col-100 elementor-top-column elementor-element elementor-element-37e05be7\" data-id=\"37e05be7\" data-element_type=\"column\" data-e-type=\"column\">\n\t\t\t<div class=\"elementor-widget-wrap elementor-element-populated\">\n\t\t\t\t\t\t<div class=\"elementor-element elementor-element-2e9278c6 elementor-widget elementor-widget-text-editor\" data-id=\"2e9278c6\" data-element_type=\"widget\" data-e-type=\"widget\" data-widget_type=\"text-editor.default\">\n\t\t\t\t<div class=\"elementor-widget-container\">\n\t\t\t\t\t\t\t\t\t<p>Los datos personales recogidos por la Diputaci\u00f3n Provincial de M\u00e1laga se someter\u00e1n a las exigencias de la normativa actual en materia de protecci\u00f3n de datos personales, Ley Org\u00e1nica 3\/2018, de 5 de diciembre, de Protecci\u00f3n de Datos Personales y garant\u00eda de los derechos digitales y Reglamento (UE)2016\/679 del Parlamento Europeo y del Consejo, de 27 de abril de 2016, relativo a la protecci\u00f3n de las personas f\u00edsicas en lo que respecta al tratamiento de sus datos personales y a la libre circulaci\u00f3n de estos datos y por el que se deroga la Directiva 95\/46\/CE (Reglamento general de protecci\u00f3n de datos).<br \/>Los datos se incorporar\u00e1n a la actividad de tratamiento \u00abCONTACTO malaga.es\u00bb, cuyo contenido, finalidad, base jur\u00eddica, r\u00e9gimen de cesiones y plazo de conservaci\u00f3n pueden ser consultados en el siguiente enlace,\u00a0<a title=\"M\u00e1s informaci\u00f3n\" href=\"https:\/\/www.malaga.es\/gobierno\/7278\/com1_md1_cd-11265\/\">https:\/\/www.malaga.es\/gobierno\/7278\/com1_md1_cd-11265\/<\/a>\u00a0.<\/p><p>\u00a0<\/p><p>Puede ejercitar sus derechos (<a title=\"M\u00e1s informaci\u00f3n\" href=\"https:\/\/www.malaga.es\/gobierno\/7285\/ejercicio-derechos\">https:\/\/www.malaga.es\/gobierno\/7285\/ejercicio-derechos<\/a>) de acceso, rectificaci\u00f3n, supresi\u00f3n y portabilidad de sus datos, de limitaci\u00f3n y oposici\u00f3n a su tratamiento, as\u00ed como a no ser objeto de decisiones basadas \u00fanicamente en el tratamiento automatizado de sus datos, cuando proceda, dirigi\u00e9ndose al responsable del tratamiento de datos, la Diputaci\u00f3n Provincial de M\u00e1laga, C\/ Pac\u00edfico, 54, 29004 M\u00e1laga; o al Delegado de Protecci\u00f3n de Datos, en el tel\u00e9fono 952133624 o la direcci\u00f3n de correo electr\u00f3nico\u00a0<a title=\"M\u00e1s informaci\u00f3n\" href=\"mailto:protecciondedatos@malaga.es\">protecciondedatos@malaga.es<\/a>. Tambi\u00e9n puede ponerse en contacto con el Consejo de Transparencia y Protecci\u00f3n de Datos de Andaluc\u00eda en\u00a0<a title=\"M\u00e1s informaci\u00f3n\" href=\"https:\/\/www.ctpdandalucia.es\/area-de-proteccion-de-datos\">https:\/\/www.ctpdandalucia.es\/area-de-proteccion-de-datos<\/a>\u00a0para reclamar el ejercicio de sus derechos.<\/p>\t\t\t\t\t\t\t\t<\/div>\n\t\t\t\t<\/div>\n\t\t\t\t\t<\/div>\n\t\t<\/div>\n\t\t\t\t\t<\/div>\n\t\t<\/section>\n\t\t\t\t<\/div>\n\t\t","protected":false},"excerpt":{"rendered":"<p>Sugiere una localizaci\u00f3n Cualquier tipo de espacio en la ciudad puede ser interesante para un rodaje Si eres el due\u00f1o o gestor de una propiedad interesado en utilizar el espacio como escenario de producciones audiovisuales, puedes\u00a0incluirlo de forma gratuita en el\u00a0cat\u00e1logo de localizaciones. Rellena el siguiente formulario y env\u00edanos unas fotograf\u00edas descriptivas del espacio para [&hellip;]<\/p>\n","protected":false},"author":1,"featured_media":0,"parent":0,"menu_order":0,"comment_status":"closed","ping_status":"closed","template":"","meta":{"footnotes":""},"class_list":["post-2627","page","type-page","status-publish","hentry"],"yoast_head":"<!-- This site is optimized with the Yoast SEO plugin v27.4 - https:\/\/yoast.com\/product\/yoast-seo-wordpress\/ -->\n<title>Formulario Sugerencia de Localizaci\u00f3n - Malaga Film Commission<\/title>\n<meta name=\"robots\" content=\"index, follow, max-snippet:-1, max-image-preview:large, max-video-preview:-1\" \/>\n<link rel=\"canonical\" href=\"https:\/\/malagafilm.com\/fr\/formulario-sugerencia-de-localizacion\/\" \/>\n<meta property=\"og:locale\" content=\"fr_FR\" \/>\n<meta property=\"og:type\" content=\"article\" \/>\n<meta property=\"og:title\" content=\"Formulario Sugerencia de Localizaci\u00f3n - Malaga Film Commission\" \/>\n<meta property=\"og:description\" content=\"Sugiere una localizaci\u00f3n Cualquier tipo de espacio en la ciudad puede ser interesante para un rodaje Si eres el due\u00f1o o gestor de una propiedad interesado en utilizar el espacio como escenario de producciones audiovisuales, puedes\u00a0incluirlo de forma gratuita en el\u00a0cat\u00e1logo de localizaciones. Rellena el siguiente formulario y env\u00edanos unas fotograf\u00edas descriptivas del espacio para [&hellip;]\" \/>\n<meta property=\"og:url\" content=\"https:\/\/malagafilm.com\/fr\/formulario-sugerencia-de-localizacion\/\" \/>\n<meta property=\"og:site_name\" content=\"Malaga Film Commission\" \/>\n<meta property=\"article:modified_time\" content=\"2022-09-27T16:42:14+00:00\" \/>\n<meta name=\"twitter:card\" content=\"summary_large_image\" \/>\n<meta name=\"twitter:label1\" content=\"Dur\u00e9e de lecture estim\u00e9e\" \/>\n\t<meta name=\"twitter:data1\" content=\"2 minutes\" \/>\n<script type=\"application\/ld+json\" class=\"yoast-schema-graph\">{\"@context\":\"https:\\\/\\\/schema.org\",\"@graph\":[{\"@type\":\"WebPage\",\"@id\":\"https:\\\/\\\/malagafilm.com\\\/formulario-sugerencia-de-localizacion\\\/\",\"url\":\"https:\\\/\\\/malagafilm.com\\\/formulario-sugerencia-de-localizacion\\\/\",\"name\":\"Formulario Sugerencia de Localizaci\u00f3n - Malaga Film Commission\",\"isPartOf\":{\"@id\":\"https:\\\/\\\/malagafilm.com\\\/#website\"},\"datePublished\":\"2022-01-04T00:21:41+00:00\",\"dateModified\":\"2022-09-27T16:42:14+00:00\",\"breadcrumb\":{\"@id\":\"https:\\\/\\\/malagafilm.com\\\/formulario-sugerencia-de-localizacion\\\/#breadcrumb\"},\"inLanguage\":\"fr-FR\",\"potentialAction\":[{\"@type\":\"ReadAction\",\"target\":[\"https:\\\/\\\/malagafilm.com\\\/formulario-sugerencia-de-localizacion\\\/\"]}]},{\"@type\":\"BreadcrumbList\",\"@id\":\"https:\\\/\\\/malagafilm.com\\\/formulario-sugerencia-de-localizacion\\\/#breadcrumb\",\"itemListElement\":[{\"@type\":\"ListItem\",\"position\":1,\"name\":\"Portada\",\"item\":\"https:\\\/\\\/malagafilm.com\\\/\"},{\"@type\":\"ListItem\",\"position\":2,\"name\":\"Formulario Sugerencia de Localizaci\u00f3n\"}]},{\"@type\":\"WebSite\",\"@id\":\"https:\\\/\\\/malagafilm.com\\\/#website\",\"url\":\"https:\\\/\\\/malagafilm.com\\\/\",\"name\":\"Malaga Film Commission\",\"description\":\"Aqu\u00ed, en la provincia de M\u00e1laga. Por su infinidad de sitios, luz y clima\",\"publisher\":{\"@id\":\"https:\\\/\\\/malagafilm.com\\\/#organization\"},\"potentialAction\":[{\"@type\":\"SearchAction\",\"target\":{\"@type\":\"EntryPoint\",\"urlTemplate\":\"https:\\\/\\\/malagafilm.com\\\/?s={search_term_string}\"},\"query-input\":{\"@type\":\"PropertyValueSpecification\",\"valueRequired\":true,\"valueName\":\"search_term_string\"}}],\"inLanguage\":\"fr-FR\"},{\"@type\":\"Organization\",\"@id\":\"https:\\\/\\\/malagafilm.com\\\/#organization\",\"name\":\"Malaga Film Commission\",\"url\":\"https:\\\/\\\/malagafilm.com\\\/\",\"logo\":{\"@type\":\"ImageObject\",\"inLanguage\":\"fr-FR\",\"@id\":\"https:\\\/\\\/malagafilm.com\\\/#\\\/schema\\\/logo\\\/image\\\/\",\"url\":\"https:\\\/\\\/malagafilm.com\\\/wp-content\\\/uploads\\\/2021\\\/10\\\/logo_MFC_blanco_400px.png\",\"contentUrl\":\"https:\\\/\\\/malagafilm.com\\\/wp-content\\\/uploads\\\/2021\\\/10\\\/logo_MFC_blanco_400px.png\",\"width\":400,\"height\":95,\"caption\":\"Malaga Film Commission\"},\"image\":{\"@id\":\"https:\\\/\\\/malagafilm.com\\\/#\\\/schema\\\/logo\\\/image\\\/\"}}]}<\/script>\n<!-- \/ Yoast SEO plugin. -->","yoast_head_json":{"title":"Formulaire de suggestion d'emplacement - Malaga Film Commission","robots":{"index":"index","follow":"follow","max-snippet":"max-snippet:-1","max-image-preview":"max-image-preview:large","max-video-preview":"max-video-preview:-1"},"canonical":"https:\/\/malagafilm.com\/fr\/formulario-sugerencia-de-localizacion\/","og_locale":"fr_FR","og_type":"article","og_title":"Formulario Sugerencia de Localizaci\u00f3n - Malaga Film Commission","og_description":"Sugiere una localizaci\u00f3n Cualquier tipo de espacio en la ciudad puede ser interesante para un rodaje Si eres el due\u00f1o o gestor de una propiedad interesado en utilizar el espacio como escenario de producciones audiovisuales, puedes\u00a0incluirlo de forma gratuita en el\u00a0cat\u00e1logo de localizaciones. Rellena el siguiente formulario y env\u00edanos unas fotograf\u00edas descriptivas del espacio para [&hellip;]","og_url":"https:\/\/malagafilm.com\/fr\/formulario-sugerencia-de-localizacion\/","og_site_name":"Malaga Film Commission","article_modified_time":"2022-09-27T16:42:14+00:00","twitter_card":"summary_large_image","twitter_misc":{"Dur\u00e9e de lecture estim\u00e9e":"2 minutes"},"schema":{"@context":"https:\/\/schema.org","@graph":[{"@type":"WebPage","@id":"https:\/\/malagafilm.com\/formulario-sugerencia-de-localizacion\/","url":"https:\/\/malagafilm.com\/formulario-sugerencia-de-localizacion\/","name":"Formulaire de suggestion d'emplacement - Malaga Film Commission","isPartOf":{"@id":"https:\/\/malagafilm.com\/#website"},"datePublished":"2022-01-04T00:21:41+00:00","dateModified":"2022-09-27T16:42:14+00:00","breadcrumb":{"@id":"https:\/\/malagafilm.com\/formulario-sugerencia-de-localizacion\/#breadcrumb"},"inLanguage":"fr-FR","potentialAction":[{"@type":"ReadAction","target":["https:\/\/malagafilm.com\/formulario-sugerencia-de-localizacion\/"]}]},{"@type":"BreadcrumbList","@id":"https:\/\/malagafilm.com\/formulario-sugerencia-de-localizacion\/#breadcrumb","itemListElement":[{"@type":"ListItem","position":1,"name":"Portada","item":"https:\/\/malagafilm.com\/"},{"@type":"ListItem","position":2,"name":"Formulario Sugerencia de Localizaci\u00f3n"}]},{"@type":"WebSite","@id":"https:\/\/malagafilm.com\/#website","url":"https:\/\/malagafilm.com\/","name":"Commission du Film de Malaga","description":"Ici, dans la province de Malaga. Pour son infinit\u00e9 de lieux, de lumi\u00e8re et de climat.","publisher":{"@id":"https:\/\/malagafilm.com\/#organization"},"potentialAction":[{"@type":"SearchAction","target":{"@type":"EntryPoint","urlTemplate":"https:\/\/malagafilm.com\/?s={search_term_string}"},"query-input":{"@type":"PropertyValueSpecification","valueRequired":true,"valueName":"search_term_string"}}],"inLanguage":"fr-FR"},{"@type":"Organization","@id":"https:\/\/malagafilm.com\/#organization","name":"Commission du Film de Malaga","url":"https:\/\/malagafilm.com\/","logo":{"@type":"ImageObject","inLanguage":"fr-FR","@id":"https:\/\/malagafilm.com\/#\/schema\/logo\/image\/","url":"https:\/\/malagafilm.com\/wp-content\/uploads\/2021\/10\/logo_MFC_blanco_400px.png","contentUrl":"https:\/\/malagafilm.com\/wp-content\/uploads\/2021\/10\/logo_MFC_blanco_400px.png","width":400,"height":95,"caption":"Malaga Film Commission"},"image":{"@id":"https:\/\/malagafilm.com\/#\/schema\/logo\/image\/"}}]}},"_links":{"self":[{"href":"https:\/\/malagafilm.com\/fr\/wp-json\/wp\/v2\/pages\/2627","targetHints":{"allow":["GET"]}}],"collection":[{"href":"https:\/\/malagafilm.com\/fr\/wp-json\/wp\/v2\/pages"}],"about":[{"href":"https:\/\/malagafilm.com\/fr\/wp-json\/wp\/v2\/types\/page"}],"author":[{"embeddable":true,"href":"https:\/\/malagafilm.com\/fr\/wp-json\/wp\/v2\/users\/1"}],"replies":[{"embeddable":true,"href":"https:\/\/malagafilm.com\/fr\/wp-json\/wp\/v2\/comments?post=2627"}],"version-history":[{"count":91,"href":"https:\/\/malagafilm.com\/fr\/wp-json\/wp\/v2\/pages\/2627\/revisions"}],"predecessor-version":[{"id":5991,"href":"https:\/\/malagafilm.com\/fr\/wp-json\/wp\/v2\/pages\/2627\/revisions\/5991"}],"wp:attachment":[{"href":"https:\/\/malagafilm.com\/fr\/wp-json\/wp\/v2\/media?parent=2627"}],"curies":[{"name":"wp","href":"https:\/\/api.w.org\/{rel}","templated":true}]}}